{"id":143,"date":"2016-06-20T07:48:11","date_gmt":"2016-06-20T07:48:11","guid":{"rendered":"http:\/\/sw-themes.com\/porto_dummy\/?page_id=143"},"modified":"2021-05-25T07:44:50","modified_gmt":"2021-05-25T06:44:50","slug":"home","status":"publish","type":"page","link":"https:\/\/www.hostel-novak.si\/en\/","title":{"rendered":"Home"},"content":{"rendered":"<p>[vc_row css=&#8221;.vc_custom_1584215087916{padding-right: 20px !important;padding-left: 20px !important;}&#8221;][vc_column][vc_empty_space][vc_column_text]<\/p>\n<h2 style=\"text-align: center;\"><strong>About the Novak Hostel<\/strong><\/h2>\n<p style=\"text-align: center;\">Podbev\u0161kova ulica 9, only 2 km from the city centre and 1 km from the Revoz d.d..<\/p>\n<p style=\"text-align: center;\">The hostel comprises several newly furnished rooms and suites at a hotel-grade standard, each room and suite with its own fully equipped kitchenette. The rooms are furnished with double or twin beds, while our suites accommodate up to three persons. Our larger appartments are suitable for four or eight persons.<\/p>\n<p style=\"text-align: center;\">Every morning from 5 a.m., breakfast is served at our own bar, Silvya, located in the same building. Guests can enjoy our well-known fresh-brewed coffee all throughout the day.<\/p>\n<p style=\"text-align: center;\">Our unique location makes us the ideal stay for tourists and guests in transit, while the proximity of several large businesses is perfect for business tourists.<\/p>\n<p>[\/vc_column_text][\/vc_column][\/vc_row][vc_row][vc_column][vc_column_text]<\/p>\n<h2 style=\"text-align: center;\"><strong>Amenities<\/strong><\/h2>\n<p>[\/vc_column_text][\/vc_column][\/vc_row][vc_row wrap_container=&#8221;yes&#8221; css=&#8221;.vc_custom_1582874459189{margin-top: -10px !important;padding-bottom: 55px !important;}&#8221;][vc_column width=&#8221;1\/2&#8243; offset=&#8221;vc_col-md-4&#8243; animation_type=&#8221;fadeInLeft&#8221;]<div class=\"porto-sicon-box mx-4 mb-5 style_1 top-icon\"><div class=\"porto-sicon-top\"><div id=\"porto-icon-197617759369e598b86821a\" class=\"porto-just-icon-wrapper\" style=\"text-align:center;\">\n<div class=\"porto-icon advanced \"  style=\"color:#62ac6e;background:#ededed;width:75px;height:75px;line-height:75px;border-radius:40px;font-size:25px;display:inline-block;\">\n\t<i class=\"Simple-Line-Icons-feed\"><\/i>\n<\/div><\/div><\/div><div class=\"porto-sicon-header\" ><h3 class=\"porto-sicon-title\" style=\"font-weight:700;font-size:18px;line-height:30px;\">Free WiFi<\/h3><p>all rooms have access to the WiFi network<\/p><\/div> <!-- header --><\/div> <!-- porto-sicon-box -->[\/vc_column][vc_column width=&#8221;1\/2&#8243; animation_delay=&#8221;200&#8243; offset=&#8221;vc_col-md-4&#8243; animation_type=&#8221;fadeInLeft&#8221;]<div class=\"porto-sicon-box mx-4 mb-5 style_1 top-icon\"><div class=\"porto-sicon-top\"><div id=\"porto-icon-201149052469e598b8686b2\" class=\"porto-just-icon-wrapper\" style=\"text-align:center;\">\n<div class=\"porto-sicon-img \" style=\"background:#ededed;display:inline-block;font-size: 75px;\" >\n\t<img class=\"img-icon\" alt=\"\" src=\"https:\/\/www.hostel-novak.si\/en\/wp-content\/uploads\/2020\/03\/snov-img.png\" width=\"58\" height=\"58\" \/>\n<\/div><\/div><\/div><div class=\"porto-sicon-header\" ><h3 class=\"porto-sicon-title\" style=\"font-weight:700;font-size:18px;line-height:30px;\">Air-conditioned rooms<\/h3><p>each room has air conditioning<\/p><\/div> <!-- header --><\/div> <!-- porto-sicon-box -->[\/vc_column][vc_column width=&#8221;1\/2&#8243; animation_delay=&#8221;400&#8243; offset=&#8221;vc_col-md-4&#8243; animation_type=&#8221;fadeInLeft&#8221;]<div class=\"porto-sicon-box mx-4 mb-5 style_1 top-icon\"><div class=\"porto-sicon-top\"><div id=\"porto-icon-27632013669e598b868ab0\" class=\"porto-just-icon-wrapper\" style=\"text-align:center;\">\n<div class=\"porto-sicon-img \" style=\"background:#ededed;display:inline-block;font-size: 75px;\" >\n\t<img class=\"img-icon\" alt=\"\" src=\"https:\/\/www.hostel-novak.si\/en\/wp-content\/uploads\/2020\/03\/zajtrk.png\" width=\"58\" height=\"58\" \/>\n<\/div><\/div><\/div><div class=\"porto-sicon-header\" ><h3 class=\"porto-sicon-title\" style=\"font-weight:700;font-size:18px;line-height:30px;\">Breakfast<\/h3><p>from 5 a.m. to 10 a.m.<\/p><\/div> <!-- header --><\/div> <!-- porto-sicon-box -->[\/vc_column][vc_column width=&#8221;1\/2&#8243; animation_delay=&#8221;800&#8243; offset=&#8221;vc_col-md-4&#8243; animation_type=&#8221;fadeInRight&#8221;]<div class=\"porto-sicon-box mx-4 mb-5 style_1 top-icon\"><div class=\"porto-sicon-top\"><div id=\"porto-icon-122734376569e598b868e97\" class=\"porto-just-icon-wrapper\" style=\"text-align:center;\">\n<div class=\"porto-sicon-img \" style=\"background:#ededed;display:inline-block;font-size: 75px;\" >\n\t<img class=\"img-icon\" alt=\"\" src=\"https:\/\/www.hostel-novak.si\/en\/wp-content\/uploads\/2020\/03\/hall.png\" width=\"58\" height=\"58\" \/>\n<\/div><\/div><\/div><div class=\"porto-sicon-header\" ><h3 class=\"porto-sicon-title\" style=\"font-weight:700;font-size:18px;line-height:30px;\">Near the city centre<\/h3><p>only 1.5 km away<\/p><\/div> <!-- header --><\/div> <!-- porto-sicon-box -->[\/vc_column][vc_column width=&#8221;1\/2&#8243; animation_delay=&#8221;600&#8243; offset=&#8221;vc_col-md-4&#8243; animation_type=&#8221;fadeInRight&#8221;]<div class=\"porto-sicon-box mx-4 mb-5 style_1 top-icon\"><div class=\"porto-sicon-top\"><div id=\"porto-icon-119325628669e598b86913f\" class=\"porto-just-icon-wrapper\" style=\"text-align:center;\">\n<div class=\"porto-icon advanced \"  style=\"color:#62ac6e;background:#ededed;width:75px;height:75px;line-height:75px;border-radius:40px;font-size:25px;display:inline-block;\">\n\t<i class=\"porto-icon-boy-broad-smile\"><\/i>\n<\/div><\/div><\/div><div class=\"porto-sicon-header\" ><h3 class=\"porto-sicon-title\" style=\"font-weight:700;font-size:18px;line-height:30px;\">Relaxation and recreation at your reach<\/h3><p>near the \u0160marje\u0161ke Toplice and Dolenjske Toplice spa centers offering a wide range of wellness services, as well as the Oto\u010dec Castle, and numerous walking and cycling trails<\/p><\/div> <!-- header --><\/div> <!-- porto-sicon-box -->[\/vc_column][vc_column width=&#8221;1\/2&#8243; animation_delay=&#8221;400&#8243; offset=&#8221;vc_col-md-4&#8243; animation_type=&#8221;fadeInRight&#8221;]<div class=\"porto-sicon-box mx-4 mb-5 style_1 top-icon\"><div class=\"porto-sicon-top\"><div id=\"porto-icon-147290658669e598b8693bb\" class=\"porto-just-icon-wrapper\" style=\"text-align:center;\">\n<div class=\"porto-icon advanced \"  style=\"color:#62ac6e;background:#ededed;width:75px;height:75px;line-height:75px;border-radius:40px;font-size:25px;display:inline-block;\">\n\t<i class=\"porto-icon-category-motors\"><\/i>\n<\/div><\/div><\/div><div class=\"porto-sicon-header\" ><h3 class=\"porto-sicon-title\" style=\"font-weight:700;font-size:18px;line-height:30px;\">Free parking<\/h3><p>free enclosed parking available for cars, buses and trucks<\/p><\/div> <!-- header --><\/div> <!-- porto-sicon-box -->[\/vc_column][\/vc_row][vc_row wrap_container=&#8221;yes&#8221; is_section=&#8221;yes&#8221; section_skin=&#8221;dark&#8221; remove_margin_top=&#8221;yes&#8221; remove_margin_bottom=&#8221;yes&#8221; remove_border=&#8221;yes&#8221; animation_delay=&#8221;100&#8243; css=&#8221;.vc_custom_1583306482361{padding-top: 60px !important;padding-bottom: 45px !important;}&#8221; el_class=&#8221;call-to&#8221;][vc_column animation_delay=&#8221;100&#8243; animation_type=&#8221;fadeIn&#8221;][vc_custom_heading text=&#8221;<strong>Book<\/strong> your stay!&#8221; font_container=&#8221;tag:h2|font_size:32|text_align:center&#8221; use_theme_fonts=&#8221;yes&#8221; el_class=&#8221;ls-0&#8243;][vc_btn title=&#8221;Book now&#8221; style=&#8221;modern&#8221; shape=&#8221;square&#8221; size=&#8221;xl&#8221; align=&#8221;center&#8221; skin=&#8221;primary&#8221; link=&#8221;url:https%3A%2F%2Fwww.hostel-novak.si%2Fen%2Fbooking%2F|title:Book%20now||&#8221;][\/vc_column][\/vc_row][vc_row full_width=&#8221;stretch_row_content_no_spaces&#8221; css=&#8221;.vc_custom_1584215051572{margin-bottom: -35px !important;}&#8221;][vc_column][vc_column_text]<iframe loading=\"lazy\" style=\"border: 0;\" src=\"https:\/\/www.google.com\/maps\/embed?pb=!1m18!1m12!1m3!1d3393.391418233876!2d15.19305611577532!3d45.80425571870871!2m3!1f0!2f0!3f0!3m2!1i1024!2i768!4f13.1!3m3!1m2!1s0x476455527f227fb9%3A0x1061466debb6e900!2sPodbev%C5%A1kova%20ulica%209%2C%208000%20Novo%20mesto!5e1!3m2!1ssl!2ssi!4v1582789893313!5m2!1ssl!2ssi\" width=\"100%\" height=\"450\" frameborder=\"0\" allowfullscreen=\"allowfullscreen\"><span data-mce-type=\"bookmark\" style=\"display: inline-block; width: 0px; overflow: hidden; line-height: 0;\" class=\"mce_SELRES_start\">\ufeff<\/span><\/iframe>[\/vc_column_text][\/vc_column][\/vc_row]<\/p>\n","protected":false},"excerpt":{"rendered":"<p>[vc_row css=&#8221;.vc_custom_1584215087916{padding-right: 20px !important;padding-left: 20px !important;}&#8221;][vc_column][vc_empty_space][vc_column_text] About the Novak Hostel Podbev\u0161kova ulica 9, only 2 km from the city centre and 1 km from the Revoz d.d.. The hostel comprises several newly furnished rooms and suites at a hotel-grade standard, each room and suite with its own fully equipped kitchenette. The rooms are furnished with [&hellip;]<\/p>\n","protected":false},"author":1,"featured_media":0,"parent":0,"menu_order":0,"comment_status":"closed","ping_status":"closed","template":"","meta":[],"aioseo_notices":[],"_links":{"self":[{"href":"https:\/\/www.hostel-novak.si\/en\/wp-json\/wp\/v2\/pages\/143"}],"collection":[{"href":"https:\/\/www.hostel-novak.si\/en\/wp-json\/wp\/v2\/pages"}],"about":[{"href":"https:\/\/www.hostel-novak.si\/en\/wp-json\/wp\/v2\/types\/page"}],"author":[{"embeddable":true,"href":"https:\/\/www.hostel-novak.si\/en\/wp-json\/wp\/v2\/users\/1"}],"replies":[{"embeddable":true,"href":"https:\/\/www.hostel-novak.si\/en\/wp-json\/wp\/v2\/comments?post=143"}],"version-history":[{"count":51,"href":"https:\/\/www.hostel-novak.si\/en\/wp-json\/wp\/v2\/pages\/143\/revisions"}],"predecessor-version":[{"id":3337,"href":"https:\/\/www.hostel-novak.si\/en\/wp-json\/wp\/v2\/pages\/143\/revisions\/3337"}],"wp:attachment":[{"href":"https:\/\/www.hostel-novak.si\/en\/wp-json\/wp\/v2\/media?parent=143"}],"curies":[{"name":"wp","href":"https:\/\/api.w.org\/{rel}","templated":true}]}}